{"id":2052,"date":"2022-07-24T21:24:05","date_gmt":"2022-07-25T00:24:05","guid":{"rendered":"https:\/\/consultoriaurum.com.br\/?page_id=2052"},"modified":"2022-07-26T03:44:23","modified_gmt":"2022-07-26T06:44:23","slug":"atendimento-lgpd","status":"publish","type":"page","link":"https:\/\/consultoriaurum.com.br\/index.php\/atendimento-lgpd\/","title":{"rendered":"Atendimento LGPD"},"content":{"rendered":"<div class=\"wpb-content-wrapper\"><p>[vc_row][vc_column ct_column_class=&#8221;rm-padding-sm&#8221; el_class=&#8221;col-boxshadow&#8221; css=&#8221;.vc_custom_1658812456672{padding-right: 70px !important;padding-left: 70px !important;}&#8221;][ct_space space_lg=&#8221;62&#8243; space_md=&#8221;62&#8243; space_sm=&#8221;62&#8243; space_xs=&#8221;30&#8243;][vc_row_inner][vc_column_inner][vc_column_text]<\/p>\n<h4>O formul\u00e1rio de contato desta p\u00e1gina \u00e9 destinado a atender quest\u00f5es relacionadas \u00e0 Lei Geral de Prote\u00e7\u00e3o de Dados, para outros assuntos como d\u00favidas, sugest\u00f5es e reclama\u00e7\u00f5es, acesse o nosso <a href=\"https:\/\/consultoriaurum.com.br\/#contact\">formul\u00e1rio de contato<\/a>.<\/h4>\n<p>[\/vc_column_text][\/vc_column_inner][\/vc_row_inner][vc_empty_space height=&#8221;20&#8243;][vc_row_inner][vc_column_inner][vc_column_text el_class=&#8221;color-heading&#8221;]O titular de dados pessoais possui o direito de solicitar do site Consultoria Aurum, atrav\u00e9s do canal espec\u00edfico de tratamento, a qualquer momento, mediante requisi\u00e7\u00e3o formal, informa\u00e7\u00f5es referentes aos seus dados.<\/p>\n<p>Os pedidos ser\u00e3o analisados conforme previsto em legisla\u00e7\u00e3o vigente dentro de um prazo de 72 horas, salvo determina\u00e7\u00e3o legal e\/ou objeto de lei.<\/p>\n<p>Os titulares de dados, segundo o texto da LGPD, podem exercer os seus direitos por meio de:<\/p>\n<ul>\n<li>Confirma\u00e7\u00e3o da exist\u00eancia de tratamento;<\/li>\n<li>Acesso aos seus dados pessoais;<\/li>\n<li>Corre\u00e7\u00e3o de dados incompletos, inexatos ou desatualizados;<\/li>\n<li>Anonimiza\u00e7\u00e3o, bloqueio ou elimina\u00e7\u00e3o de dados desnecess\u00e1rios, excessivos ou tratados em desconformidade com o disposto nesta Lei;<\/li>\n<li>Portabilidade dos dados a outro fornecedor de servi\u00e7o ou produto, mediante requisi\u00e7\u00e3o expressa, de acordo com a regulamenta\u00e7\u00e3o da autoridade nacional, observados os segredos comercial e industrial;<\/li>\n<li>Elimina\u00e7\u00e3o dos dados pessoais tratados com o consentimento do titular;<\/li>\n<li>Informa\u00e7\u00e3o das entidades p\u00fablicas e privadas com as quais o controlador realizou uso compartilhado de dados;<\/li>\n<li>Informa\u00e7\u00e3o sobre a possibilidade de n\u00e3o fornecer consentimento e sobre as consequ\u00eancias da negativa;<\/li>\n<li>Revoga\u00e7\u00e3o do consentimento.<\/li>\n<\/ul>\n<p>[\/vc_column_text][ct_contact_form id=&#8221;2066&#8243; styles=&#8221;style5&#8243;][\/vc_column_inner][\/vc_row_inner][ct_space space_lg=&#8221;70&#8243; space_md=&#8221;70&#8243; space_sm=&#8221;70&#8243; space_xs=&#8221;30&#8243;][\/vc_column][\/vc_row]<\/p>\n<\/div>","protected":false},"excerpt":{"rendered":"<p>[vc_row][vc_column ct_column_class=&#8221;rm-padding-sm&#8221; el_class=&#8221;col-boxshadow&#8221; css=&#8221;.vc_custom_1658812456672{padding-right: 70px !important;padding-left: 70px !important;}&#8221;][ct_space space_lg=&#8221;62&#8243; space_md=&#8221;62&#8243; space_sm=&#8221;62&#8243; space_xs=&#8221;30&#8243;][vc_row_inner][vc_column_inner][vc_column_text] O formul\u00e1rio de contato desta p\u00e1gina \u00e9 destinado a atender quest\u00f5es relacionadas \u00e0 Lei Geral de Prote\u00e7\u00e3o de Dados, para outros assuntos como d\u00favidas, sugest\u00f5es e reclama\u00e7\u00f5es, acesse o nosso formul\u00e1rio de contato. [\/vc_column_text][\/vc_column_inner][\/vc_row_inner][vc_empty_space height=&#8221;20&#8243;][vc_row_inner][vc_column_inner][vc_column_text el_class=&#8221;color-heading&#8221;]O titular de dados pessoais possui o direito [&hellip;]<\/p>\n","protected":false},"author":1,"featured_media":0,"parent":0,"menu_order":0,"comment_status":"closed","ping_status":"closed","template":"","meta":{"footnotes":""},"class_list":["post-2052","page","type-page","status-publish","hentry"],"_links":{"self":[{"href":"https:\/\/consultoriaurum.com.br\/index.php\/wp-json\/wp\/v2\/pages\/2052","targetHints":{"allow":["GET"]}}],"collection":[{"href":"https:\/\/consultoriaurum.com.br\/index.php\/wp-json\/wp\/v2\/pages"}],"about":[{"href":"https:\/\/consultoriaurum.com.br\/index.php\/wp-json\/wp\/v2\/types\/page"}],"author":[{"embeddable":true,"href":"https:\/\/consultoriaurum.com.br\/index.php\/wp-json\/wp\/v2\/users\/1"}],"replies":[{"embeddable":true,"href":"https:\/\/consultoriaurum.com.br\/index.php\/wp-json\/wp\/v2\/comments?post=2052"}],"version-history":[{"count":6,"href":"https:\/\/consultoriaurum.com.br\/index.php\/wp-json\/wp\/v2\/pages\/2052\/revisions"}],"predecessor-version":[{"id":2069,"href":"https:\/\/consultoriaurum.com.br\/index.php\/wp-json\/wp\/v2\/pages\/2052\/revisions\/2069"}],"wp:attachment":[{"href":"https:\/\/consultoriaurum.com.br\/index.php\/wp-json\/wp\/v2\/media?parent=2052"}],"curies":[{"name":"wp","href":"https:\/\/api.w.org\/{rel}","templated":true}]}}